{"id":17,"date":"2012-01-05T20:29:52","date_gmt":"2012-01-05T19:29:52","guid":{"rendered":"https:\/\/bigarratradet7.se\/?page_id=17"},"modified":"2026-04-14T18:19:01","modified_gmt":"2026-04-14T17:19:01","slug":"kontakt","status":"publish","type":"page","link":"https:\/\/bigarratradet7.se\/?page_id=17","title":{"rendered":"Kontakt"},"content":{"rendered":"\n<p>Om du vill komma i kontakt med styrelsen kan du skicka ett meddelande till <a href=\"mailto:bigarratradet7@gmail.com\">bigarratradet7@gmail.com.<\/a><\/p>\n\n\n\n<p>Styrelsen tar g\u00e4rna emot din e-mailadress s\u00e5 att vi kan l\u00e4gga till den till f\u00f6reningens e-maillista som vi anv\u00e4nder vid informationsutskick. Du \u00e4r s\u00e4rskilt v\u00e4lkommen att kontakta styrelsen om du \u00e4r intresserad av att hj\u00e4lpa till p\u00e5 olika s\u00e4tt, exempelvis med tr\u00e4dg\u00e5rdsarbete.<br><br>Vid br\u00e5dskande \u00e4renden kan du ta kontakt med <br>Katarina Utterstr\u00f6m p\u00e5 070-208 09 29<br>Emma Antonsson 073-997 46 42<br>Jens Bj\u00f6rkstrand 073-155 28 88<br>Sara Claesson 070-651 23 57<br>Jonas Ranneby 072-449 99 09<\/p>\n\n\n\n<p><br><\/p>\n\n\n\n<div style=\"height:30px\" aria-hidden=\"true\" class=\"wp-block-spacer\"><\/div>\n\n\n\n<div class=\"wp-block-columns is-layout-flex wp-container-core-columns-is-layout-28f84493 wp-block-columns-is-layout-flex\">\n<div class=\"wp-block-column is-layout-flow wp-block-column-is-layout-flow\">\n<p class=\"has-small-font-size\"><strong>AKUTA PROBLEM<\/strong><br>Securitas Jour 16:00-07:30 samt helger p\u00e5 telefon<br>08 657 77 00<\/p>\n<\/div>\n\n\n\n<div class=\"wp-block-column is-layout-flow wp-block-column-is-layout-flow\">\n<p class=\"has-small-font-size\"><strong>AVIER OCH BETALNING<\/strong><br>Fastum<br>Telefon: 90 220<br>Web: <a rel=\"noreferrer noopener\" href=\"https:\/\/www.90220.se\/\" target=\"_blank\">90220.se<\/a><\/p>\n<\/div>\n\n\n\n<div class=\"wp-block-column is-layout-flow wp-block-column-is-layout-flow\">\n<p class=\"has-small-font-size\"><strong>BREDBAND<\/strong><br>Ownit<br>08 525 07 300<\/p>\n<\/div>\n\n\n\n<div class=\"wp-block-column is-layout-flow wp-block-column-is-layout-flow\">\n<p class=\"has-small-font-size\"><strong>KABEL-TV<\/strong><br>Telenor<br>020 222 222<\/p>\n<\/div>\n<\/div>\n\n\n\n<div style=\"height:30px\" aria-hidden=\"true\" class=\"wp-block-spacer\"><\/div>\n\n\n\n<p><\/p>\n","protected":false},"excerpt":{"rendered":"<p>Om du vill komma i kontakt med styrelsen kan du skicka ett meddelande till bigarratradet7@gmail.com. Styrelsen tar g\u00e4rna emot din e-mailadress s\u00e5 att vi kan l\u00e4gga till den till f\u00f6reningens e-maillista som vi anv\u00e4nder vid informationsutskick. Du \u00e4r s\u00e4rskilt v\u00e4lkommen att kontakta styrelsen om du \u00e4r intresserad av att hj\u00e4lpa till p\u00e5 olika s\u00e4tt, exempelvis [&hellip;]<\/p>\n","protected":false},"author":1,"featured_media":0,"parent":0,"menu_order":0,"comment_status":"closed","ping_status":"closed","template":"","meta":{"footnotes":""},"class_list":["post-17","page","type-page","status-publish","hentry"],"_links":{"self":[{"href":"https:\/\/bigarratradet7.se\/index.php?rest_route=\/wp\/v2\/pages\/17","targetHints":{"allow":["GET"]}}],"collection":[{"href":"https:\/\/bigarratradet7.se\/index.php?rest_route=\/wp\/v2\/pages"}],"about":[{"href":"https:\/\/bigarratradet7.se\/index.php?rest_route=\/wp\/v2\/types\/page"}],"author":[{"embeddable":true,"href":"https:\/\/bigarratradet7.se\/index.php?rest_route=\/wp\/v2\/users\/1"}],"replies":[{"embeddable":true,"href":"https:\/\/bigarratradet7.se\/index.php?rest_route=%2Fwp%2Fv2%2Fcomments&post=17"}],"version-history":[{"count":10,"href":"https:\/\/bigarratradet7.se\/index.php?rest_route=\/wp\/v2\/pages\/17\/revisions"}],"predecessor-version":[{"id":781,"href":"https:\/\/bigarratradet7.se\/index.php?rest_route=\/wp\/v2\/pages\/17\/revisions\/781"}],"wp:attachment":[{"href":"https:\/\/bigarratradet7.se\/index.php?rest_route=%2Fwp%2Fv2%2Fmedia&parent=17"}],"curies":[{"name":"wp","href":"https:\/\/api.w.org\/{rel}","templated":true}]}}