{"id":13,"date":"2012-01-05T20:29:00","date_gmt":"2012-01-05T19:29:00","guid":{"rendered":"https:\/\/bigarratradet7.se\/?page_id=13"},"modified":"2025-09-02T20:16:44","modified_gmt":"2025-09-02T19:16:44","slug":"trivselregler","status":"publish","type":"page","link":"https:\/\/bigarratradet7.se\/?page_id=13","title":{"rendered":"Trivselregler och praktiskt"},"content":{"rendered":"\n<p>Vi \u00f6nskar att alla v\u00e5ra gemensamma utrymmen ska se trevliga ut genom att vi inte st\u00e4ller ut sopor, skr\u00e4p och skor i eller utanf\u00f6r huset.<br>Vi tycker att det \u00e4r trevligare att m\u00f6tas av en ren tv\u00e4ttstuga n\u00e4r vi ska tv\u00e4tta och d\u00e4rf\u00f6r h\u00e5ller vi snyggt i tv\u00e4ttstugan.<br>Vi \u00e4r r\u00e4dda om v\u00e5ra v\u00e4ggar och sm\u00e4ller d\u00e4rmed inte igen v\u00e5ra l\u00e4genhetsd\u00f6rrar.<br>Vi tar extra h\u00e4nsyn till v\u00e5ra grannar fr\u00e5n kl. 22 p\u00e5 kv\u00e4llen till kl. 8 p\u00e5 morgonen. B\u00e5de till de som bor i huset, men ocks\u00e5 till de som bor \u00f6ver g\u00e5rden eller p\u00e5 andra sidan John Ericssonsgatan.<br>&#8230;och vi s\u00e4ger hej!<\/p>\n\n\n\n<div class=\"wp-block-columns is-layout-flex wp-container-core-columns-is-layout-28f84493 wp-block-columns-is-layout-flex\">\n<div class=\"wp-block-column is-layout-flow wp-block-column-is-layout-flow\"><\/div>\n\n\n\n<div class=\"wp-block-column is-layout-flow wp-block-column-is-layout-flow\"><\/div>\n<\/div>\n\n\n\n<p><strong>ALLM\u00c4NT<\/strong><\/p>\n\n\n\n<p><strong>F\u00f6rr\u00e5d<\/strong><br>Till varje l\u00e4genhet finns ett eller tv\u00e5 f\u00f6rr\u00e5d, antingen i k\u00e4llaren eller p\u00e5 vinden. Vi i styrelsen \u00e4r medvetna om att det kan finnas behov av fler f\u00f6rr\u00e5d. F\u00f6r n\u00e4rvarande finns det dock ingen m\u00f6jlighet f\u00f6r f\u00f6reningen att tilldela extra f\u00f6rr\u00e5dsutrymme till medlemmarna.<\/p>\n\n\n\n<p><strong>Gemensamma utrymmen<\/strong><br>P\u00e5 grund av brandskyddsbest\u00e4mmelser \u00e4r det inte till\u00e5tet att st\u00e4lla barnvagnar, barncyklar, blomkrukor eller liknande i entr\u00e9n eller trapphuset, och du b\u00f6r inte heller st\u00e4lla n\u00e5got annat (t.ex. smutsiga skor, torkmattor och sopp\u00e5sar) i gemensamma utrymmen eller utanf\u00f6r din l\u00e4genhet eftersom det hindrar st\u00e4dningen och eventuell utrymning.<\/p>\n\n\n\n<p><strong>R\u00f6kning<\/strong><br>Om du r\u00f6ker utomhus vill vi be dig att inte kasta fimpar framf\u00f6r porten eller i tr\u00e4dg\u00e5rden. Det g\u00e4ller \u00e4ven dina eventuella bes\u00f6kare, andrahandshyresg\u00e4ster eller hantverkare. Visa ocks\u00e5 h\u00e4nsyn till dina grannar om du eller dina g\u00e4ster r\u00f6ker p\u00e5 balkongen.<\/p>\n\n\n\n<p><strong>Uthyrning i andra hand \/ AirBnB<\/strong><br>Du m\u00e5ste alltid be styrelsen om till\u00e5telse f\u00f6r att f\u00e5 hyra ut din l\u00e4genhet i andra hand. I ans\u00f6kan till styrelsen ska du ange vem du ska hyra ut till, och under vilken period. Styrelsen beviljar endast uthyrning f\u00f6r max ett \u00e5r \u00e5t g\u00e5ngen. <br><br>Det \u00e4r inte till\u00e5tet med korttidsuthyrningar i v\u00e5r f\u00f6reningen, vilket betyder att du inte kan annonsera din l\u00e4genhet via AirBnB eller liknande.<\/p>\n\n\n\n<p><strong>F\u00f6rs\u00e4kring <\/strong><br>F\u00f6reningen har sin fastighetsf\u00f6rs\u00e4kring hos Brandkontoret. Som medlem ansvarar du sj\u00e4lv f\u00f6r att teckna ett s\u00e5 kallat bostadsr\u00e4ttstill\u00e4gg, som en del av din hemf\u00f6rs\u00e4kring. <\/p>\n\n\n\n<p><strong>Skadedjur<\/strong><br>Vid problem med skadedjur ska du informera styrelsen. Styrelsen eller medlemmen g\u00f6r anm\u00e4lan till Anticimex p\u00e5 telefon 075-245 10 00. <br>Ange f\u00f6reningens f\u00f6rs\u00e4kringsbolag (se ovan). <\/p>\n\n\n\n<hr class=\"wp-block-separator has-text-color has-alpha-channel-opacity has-background is-style-wide\" style=\"background-color:#dadada;color:#dadada\"\/>\n\n\n\n<p><strong>D\u00d6RRAR<\/strong><\/p>\n\n\n\n<p><strong>Ytterporten<\/strong><br>Ytterporten \u00f6ppnas med kod eller nyckel och koden fungerar dygnet runt. Det \u00e4r samma kod till entr\u00e9n fr\u00e5n tr\u00e4dg\u00e5rdssidan.<\/p>\n\n\n\n<p><strong>S\u00e4kerhetsd\u00f6rrar<\/strong><br>Huvudl\u00e5set har en s.k. kod 10-cylinder. Det \u00e4r en cylinder med en funktion som g\u00f6r det enkelt att l\u00e5ta en fastighetssk\u00f6tare f\u00e5 tillg\u00e5ng till l\u00e4genheten trots att du inte \u00e4r hemma. Du l\u00e5ser d\u00f6rren som vanligt hela v\u00e4gen, \u201dtill kl. 12\u201d, och vrider d\u00e4refter cylindern tillbaka \u201dtill kl. 10\u201d. D\u00e5 kan f\u00f6reningen \u00f6ppna just din d\u00f6rr med en s\u00e4rskild nyckel. Du ska inte l\u00e5sa \u00f6verl\u00e5set vid detta tillf\u00e4lle!<\/p>\n\n\n\n<p><strong>Nycklar<\/strong><br>Beh\u00f6ver du best\u00e4lla ytterligare kopia av din nyckel till cylinderl\u00e5set m\u00e5ste den best\u00e4llas hos Kungsl\u00e5s p\u00e5 Fleminggatan 23, tel: 08-652 04 00. <a href=\"http:\/\/www.kungslas.se\" target=\"_blank\" rel=\"noreferrer noopener\">www.kungslas.se<\/a><br>Vid best\u00e4llningen beh\u00f6ver du ta reda p\u00e5 systemnumret (st\u00e5r p\u00e5 nyckeln) och n\u00e4r du h\u00e4mtar ut nyckeln m\u00e5ste du visa legitimation och den senaste avgiftsavin.<br>\u00d6verl\u00e5snyckeln kan kopieras hos vilken l\u00e5sfirma som helst. F\u00f6reningen st\u00e5r aldrig f\u00f6r n\u00e5gon kostnad vid best\u00e4llning av nyckel\/l\u00e5s.<\/p>\n\n\n\n<p><strong>Digitalt l\u00e5s<\/strong><br>De medlemmar som \u00f6nskar har m\u00f6jlighet att i egen regi installera det digitala kodl\u00e5set <a href=\"https:\/\/go.dormakaba.com\/sv\/dkey\" target=\"_blank\" rel=\"noopener\">dormakaba dKey<\/a> genom v\u00e5r l\u00e5ssmed <a href=\"https:\/\/kungslas.se\" target=\"_blank\" rel=\"noopener\">Kungsl\u00e5s <\/a>p\u00e5 Fleminggatan 23. Kostnader f\u00f6r l\u00e5s, installation, service, etc. \u00e5ligger medlemmen som ocks\u00e5 \u00e4r best\u00e4llare till Kungsl\u00e5s. Om flera medlemmar \u00f6nskar samordna upphandling och installation \u00e4r det att f\u00f6redra f\u00f6r Kungsl\u00e5s. Kontakta alltid styrelsen innan installation f\u00f6r att verifiera att det \u00e4r det godk\u00e4nda l\u00e5set som valts. Se bilder och beskrivning av l\u00e5sets funktioner via l\u00e4nken ovan.<\/p>\n\n\n\n<p><strong>Akut l\u00e5sbyte<\/strong><br>Vid akut l\u00e5sbyte f\u00e5r du v\u00e4nda dig till Kungsl\u00e5s som har en l\u00e5sjour. Att kontakta en l\u00e5ssmed under t.ex. en l\u00f6rdag kan var mycket dyrt och f\u00f6reningen st\u00e5r ej f\u00f6r kostnaden om du tappat din nyckel, endast om det blivit n\u00e5got fel p\u00e5 sj\u00e4lva l\u00e5set. Telefonummer till aktutjour (24 h) 08-652 04 00.<\/p>\n\n\n\n<p><strong>Namnskyltar<\/strong><br>F\u00f6r att vi ska ha enhetliga namnskyltar s\u00e4tter styrelsen upp efternamnet p\u00e5 l\u00e4genhetsd\u00f6rren och nere i porten. Det \u00e4r inte till\u00e5tet att s\u00e4tta upp egna skyltar eller klistra upp lappar som f\u00f6rst\u00f6r ytskiktet p\u00e5 d\u00f6rrarna.<\/p>\n\n\n\n<p><strong>&#8221;Ingen Reklam&#8221;-skylt<\/strong><br>Ta kontakt med styrelsen om du \u00f6nskar en &#8221;INGEN REKLAM&#8221;-skylt. Det \u00e4r inte till\u00e5tet att s\u00e4tta upp andra lappar eller skyltar p\u00e5 d\u00f6rren utan styrelsens medgivande.<\/p>\n\n\n\n<hr class=\"wp-block-separator has-text-color has-alpha-channel-opacity has-background is-style-wide\" style=\"background-color:#dadada;color:#dadada\"\/>\n\n\n\n<p><strong>SOPHANTERING<\/strong><\/p>\n\n\n\n<p><strong>Hush\u00e5llssopor och matavfall sl\u00e4ngs i sopskjulen mot gatan<\/strong><br>Sopk\u00e4rlen f\u00e5r bara anv\u00e4ndas f\u00f6r hush\u00e5llssopor, kasta allts\u00e5 inte tomglas, kartonger eller grovsopor. Vi har ingen \u00e5tervinningsstation, s\u00e5 glas, tidningar och f\u00f6rpackningar m\u00e5ste du l\u00e4mna vid insamlingsst\u00e4llena vid Pontonj\u00e4rparken eller p\u00e5 Polhemsgatan.<\/p>\n\n\n\n<p>Ett av k\u00e4rlen \u00e4r till f\u00f6r matavfall och separata pappersp\u00e5sar och h\u00e5llare finns att h\u00e4mta i torkrummet i k\u00e4llaren. <\/p>\n\n\n\n<p><strong>Grovsopor<\/strong><br>Grovsopor f\u00e5r absolut inte l\u00e4mnas p\u00e5 vinden, i k\u00e4llaren eller i garaget utan du m\u00e5ste sj\u00e4lv ordna med borttransport till en \u00e5tervinningscentral (n\u00e4rmast i Bromma). L\u00e4s mer p\u00e5 <a rel=\"noreferrer noopener\" href=\"http:\/\/www.stockholm.se\/avfall\" target=\"_blank\">www.stockholm.se\/avfall.<\/a><\/p>\n\n\n\n<hr class=\"wp-block-separator has-text-color has-alpha-channel-opacity has-background is-style-wide\" style=\"background-color:#dadada;color:#dadada\"\/>\n\n\n\n<p><strong>ST\u00c4DNING<\/strong><\/p>\n\n\n\n<p><strong>Trappst\u00e4dning<\/strong><br>Vi abonnerar p\u00e5 trappst\u00e4dning en g\u00e5ng per vecka. F\u00f6reningen anlitar Hello Clean st\u00e4d. N\u00e5gon g\u00e5ng per \u00e5r best\u00e4ller vi ocks\u00e5 en storst\u00e4dning av gemensamma ut\u00adrymmen. D\u00e4remot m\u00e5ste vi sj\u00e4lva h\u00e5lla rent i tv\u00e4ttstugan n\u00e4r vi har anv\u00e4nt den. Du f\u00e5r sj\u00e4lv torka av listerna p\u00e5 din l\u00e4genhetsd\u00f6rr.<\/p>\n\n\n\n<p><strong>Gemensam st\u00e4ddag<\/strong><br>Vi brukar ocks\u00e5 ordna en gemensam st\u00e4ddag n\u00e5gon g\u00e5ng per \u00e5r d\u00e5 vi tar hand om allt ute och inne som inte ing\u00e5r i st\u00e4dfirmans uppdrag. Och ta g\u00e4rna ett tag med dammsugaren \u00e4ven utanf\u00f6r l\u00e4genheten om du ser att det beh\u00f6vs, det finns eluttag i trapphuset.<\/p>\n\n\n\n<hr class=\"wp-block-separator has-text-color has-alpha-channel-opacity has-background is-style-wide\" style=\"background-color:#dadada;color:#dadada\"\/>\n\n\n\n<p><strong>PARKERING och GARAGET<\/strong><\/p>\n\n\n\n<p><strong>Cyklar<\/strong><br>Anv\u00e4nd med f\u00f6rdel cykelparkeringen mot gatan, det finns ytterligare en mindre, bakom syrenbers\u00e5n i tr\u00e4dg\u00e5rden. Cyklar som inte anv\u00e4nds dagligen kan h\u00e4ngas in i f\u00f6rr\u00e5det i k\u00e4llarg\u00e5ngen.<\/p>\n\n\n\n<p><strong>Endast cyklar p\u00e5 cykelparkeringen<\/strong><br>Cykelparkeringen \u00e4r endast avsedd f\u00f6r cyklar, ej f\u00f6r mopeder, scotrar eller andra motordrivna fordon.<\/p>\n\n\n\n<p><strong>Bilar<\/strong><br>I garaget finns P-plats f\u00f6r fyra bilar. Det \u00e4r k\u00f6 till platserna och om du vill anm\u00e4la dig till k\u00f6n g\u00f6r du det skriftligen till styrelsen. Det kostar 3.032 kr\/m\u00e5nad att parkera i garaget (januari 2025).<\/p>\n\n\n\n<p>Garaget \u00e4r inte stort, vilket g\u00f6r att du inte kan parkera st\u00f6rre bilar s\u00e5 som SUV eller st\u00f6rre kombimodeller. <\/p>\n\n\n\n<p>Det finns inget eluttag f\u00f6r att ladda en elbil.<\/p>\n\n\n\n<p><strong>Barnvagnar<\/strong><br>Det \u00e4r det inre rummet i garaget som du parkerar din barnvagn d\u00e5 det av utrymningssk\u00e4l inte \u00e4r till\u00e5tet (och inte finns plats) att st\u00e4lla barnvagnar i entr\u00e9n eller i trapphuset.<\/p>\n\n\n\n<p>I garaget finns ocks\u00e5 wc med dusch och ett f\u00f6rr\u00e5d med v\u00e5ra tr\u00e4dg\u00e5rdsredskap och sn\u00f6skyfflar.<\/p>\n\n\n\n<p><strong>Kod till garaget<\/strong><br>Portkoden g\u00e4ller \u00e4ven till garageporten. Aktivera dosan genom att trycka p\u00e5 valfri knapp, tryck d\u00e4refter in portkoden och avsluta med nyckelsymbolen. <\/p>\n\n\n\n<hr class=\"wp-block-separator has-text-color has-alpha-channel-opacity has-background is-style-wide\" style=\"background-color:#dadada;color:#dadada\"\/>\n\n\n\n<p><strong>BALKONG<\/strong><\/p>\n\n\n\n<p><strong>Balkongskydd<\/strong> <strong>och markis<\/strong><br>Balkongskydd och\/eller markiser skall vara enhetliga och tidsenliga i gr\u00f6n kul\u00f6r.  Kul\u00f6ren heter Vert 03 av varum\u00e4rket Dickson. <br>Det g\u00e5r naturligtvis bra att inte ha n\u00e5got balkongskydd alls. <\/p>\n\n\n\n<p><strong>Grilla?<\/strong><br>Det \u00e4r inte till\u00e5tet att grilla p\u00e5 din balkong, av h\u00e4nsyn till grannar.<\/p>\n\n\n\n<p><strong>Eluttag<\/strong><br>Du f\u00e5r inte ta h\u00e5l i fasaden f\u00f6r att montera eluttag f\u00f6r belysning.<\/p>\n\n\n\n<p><strong>Sn\u00f6 p\u00e5 balkongen<\/strong><br>Om det sn\u00f6ar, \u00e4r du skyldig att ta bort sn\u00f6n f\u00f6r att undvika sprickbildningar och f\u00f6rhindra att det bildas istappar.<\/p>\n\n\n\n<hr class=\"wp-block-separator has-text-color has-alpha-channel-opacity has-background is-style-wide\" style=\"background-color:#dadada;color:#dadada\"\/>\n\n\n\n<p><strong>TV\u00c4TTSTUGAN<\/strong><\/p>\n\n\n\n<p><strong>Boka<\/strong><br>Du kan tv\u00e4tta mellan kl. 08-22 alla dagar. Lista f\u00f6r att boka tid finns utanf\u00f6r tv\u00e4ttstugan. Du kan boka antingen f\u00f6rmiddagspasset (08-12), eftermiddagspasset (12-17), 1:a kv\u00e4llspasset (17-19) eller 2:a kv\u00e4llspasset (19-22). Har det g\u00e5tt en timme in i din bokning och du inte utnyttjar den, kan annan boende tv\u00e4tta p\u00e5 din tid.<\/p>\n\n\n\n<p>Tv\u00e4ttstugan ska naturligtvis st\u00e4das och vi ska alla g\u00f6ra f\u00f6ljande:<\/p>\n\n\n\n<ul class=\"wp-block-list\">\n<li>G\u00f6ra rent tv\u00e4ttmaskinerna. T\u00e4nk p\u00e5 att torka mellan gummilisterna (i maskinens luck\u00f6ppning) och att sk\u00f6lja rent tv\u00e4ttmedelsfacken.<\/li>\n\n\n\n<li>Torka golvet i torksk\u00e5pet.<\/li>\n\n\n\n<li>Ta bort luddet i torktumlaren.<\/li>\n<\/ul>\n\n\n\n<hr class=\"wp-block-separator has-text-color has-alpha-channel-opacity has-background is-style-wide\" style=\"background-color:#dadada;color:#dadada\"\/>\n\n\n\n<p><strong>G\u00c5RDEN<\/strong><\/p>\n\n\n\n<p><strong>G\u00e5rden<\/strong><br>Till huset h\u00f6r en f\u00f6rg\u00e5rd mot gatan och en innerg\u00e5rd p\u00e5 baksidan. V\u00e5r g\u00e5rd \u00e4r en av de f\u00e5 vid Norr M\u00e4larstrand som \u00e4gs av fastighets\u00e4garen, dvs. vi sj\u00e4lva. De flesta andra g\u00e5rdar \u00e4gs av Stockholms stad. <\/p>\n\n\n\n<p><strong>Gr\u00e4sklippning<\/strong><br>Vi hj\u00e4lps \u00e5t med att klippa gr\u00e4set under sommarhalv\u00e5ret. En anm\u00e4lningslista s\u00e4tts upp i porten.<\/p>\n\n\n\n<p><strong>Grill<\/strong><br>Vi har en grill som du g\u00e4rna f\u00e5r anv\u00e4nda. T\u00e4nk p\u00e5 att placera grillen s\u00e5 att r\u00f6k inte kommer in i l\u00e4genheterna och att reng\u00f6ra den noggrant efter dig. Fr\u00e5ga styrelsen om koden.<\/p>\n\n\n\n<p><strong>Kalas p\u00e5 g\u00e5rden? <\/strong><br>Om du vill ordna en tr\u00e4dg\u00e5rdsfest eller ett kalas, s\u00e4tt upp en lapp i porten och informera dina grannar om dag och tid. Det g\u00e5r inte att boka g\u00e5rden. <\/p>\n\n\n\n<hr class=\"wp-block-separator has-text-color has-alpha-channel-opacity has-background is-style-wide\" style=\"background-color:#dadada;color:#dadada\"\/>\n\n\n\n<p><strong>SN\u00d6SKOTTNING<\/strong><\/p>\n\n\n\n<p>Vi hj\u00e4lps \u00e5t att skotta sn\u00f6 under vinterhalv\u00e5ret. Vi ser till att det \u00e4r fint framf\u00f6r porten och framf\u00f6r garaget (annars h\u00e4mtas inte v\u00e5ra sopor). Sand finns i garaget.<br><br>Du som har balkong \u00e4r skyldig att skotta sn\u00f6 p\u00e5 dessa f\u00f6r att undvika sprickbildningar.<\/p>\n\n\n\n<hr class=\"wp-block-separator has-text-color has-alpha-channel-opacity has-background is-style-wide\" style=\"background-color:#dadada;color:#dadada\"\/>\n\n\n\n<p><strong>INTERNET\/ BREDBAND via Ownit och TV via Telenor<\/strong><\/p>\n\n\n\n<p>F\u00f6r att du ska kunna titta p\u00e5 TV finns det en digitalbox\/HD-box i varje l\u00e4genhet.<br>\u00d6nskar du ytterligare utbud av kanaler \u00e4r det n\u00e5got som du m\u00e5ste komma \u00f6verens om direkt med Telenor.<\/p>\n\n\n\n<p><strong>OBS! Om du flyttar ska du l\u00e4mna kvar digitalboxen i din l\u00e4genhet.<\/strong><\/p>\n","protected":false},"excerpt":{"rendered":"<p>Vi \u00f6nskar att alla v\u00e5ra gemensamma utrymmen ska se trevliga ut genom att vi inte st\u00e4ller ut sopor, skr\u00e4p och skor i eller utanf\u00f6r huset.Vi tycker att det \u00e4r trevligare att m\u00f6tas av en ren tv\u00e4ttstuga n\u00e4r vi ska tv\u00e4tta och d\u00e4rf\u00f6r h\u00e5ller vi snyggt i tv\u00e4ttstugan.Vi \u00e4r r\u00e4dda om v\u00e5ra v\u00e4ggar och sm\u00e4ller d\u00e4rmed [&hellip;]<\/p>\n","protected":false},"author":1,"featured_media":0,"parent":0,"menu_order":0,"comment_status":"closed","ping_status":"closed","template":"","meta":{"footnotes":""},"class_list":["post-13","page","type-page","status-publish","hentry"],"_links":{"self":[{"href":"https:\/\/bigarratradet7.se\/index.php?rest_route=\/wp\/v2\/pages\/13","targetHints":{"allow":["GET"]}}],"collection":[{"href":"https:\/\/bigarratradet7.se\/index.php?rest_route=\/wp\/v2\/pages"}],"about":[{"href":"https:\/\/bigarratradet7.se\/index.php?rest_route=\/wp\/v2\/types\/page"}],"author":[{"embeddable":true,"href":"https:\/\/bigarratradet7.se\/index.php?rest_route=\/wp\/v2\/users\/1"}],"replies":[{"embeddable":true,"href":"https:\/\/bigarratradet7.se\/index.php?rest_route=%2Fwp%2Fv2%2Fcomments&post=13"}],"version-history":[{"count":10,"href":"https:\/\/bigarratradet7.se\/index.php?rest_route=\/wp\/v2\/pages\/13\/revisions"}],"predecessor-version":[{"id":770,"href":"https:\/\/bigarratradet7.se\/index.php?rest_route=\/wp\/v2\/pages\/13\/revisions\/770"}],"wp:attachment":[{"href":"https:\/\/bigarratradet7.se\/index.php?rest_route=%2Fwp%2Fv2%2Fmedia&parent=13"}],"curies":[{"name":"wp","href":"https:\/\/api.w.org\/{rel}","templated":true}]}}