{"id":11,"date":"2016-05-29T15:00:34","date_gmt":"2016-05-29T14:00:34","guid":{"rendered":"https:\/\/bigarratradet7.se\/?page_id=11"},"modified":"2025-09-02T19:06:52","modified_gmt":"2025-09-02T18:06:52","slug":"styrelsen","status":"publish","type":"page","link":"https:\/\/bigarratradet7.se\/?page_id=11","title":{"rendered":"F\u00f6reningen &#038; fastigheten"},"content":{"rendered":"\n<p><strong>Bostadsr\u00e4ttsf\u00f6reningen Bigarr\u00e5tr\u00e4det 7<\/strong> bildades 1982. Av husets 25 l\u00e4genheter \u00e4r 24 bostadsr\u00e4tter och en \u00e4r hyresl\u00e4genhet.<\/p>\n\n\n\n<p>Vi \u00e4r en liten f\u00f6rening, och d\u00e4rf\u00f6r beh\u00f6ver vi hj\u00e4lpas \u00e5t f\u00f6r att vi ska f\u00e5 ett bra boende. Gr\u00e4sklippning, tr\u00e4dg\u00e5rdssk\u00f6tsel och sn\u00f6skottning hj\u00e4lps vi \u00e5t med f\u00f6r att h\u00e5lla kostnaderna nere. Schema f\u00f6r detta s\u00e4tts upp i porten och du som medlem f\u00f6rv\u00e4ntas skriva upp dig.<\/p>\n\n\n\n<p>Det l\u00f6pande sk\u00f6ts av en styrelse. F\u00f6reningens beslutande f\u00f6rsamling \u00e4r st\u00e4mman som best\u00e5r av samtliga medlemmar. St\u00e4mman utser styrelsen och beslutar om f\u00f6rvaltningsber\u00e4ttelsen vid \u00e5rsst\u00e4mman, som ska h\u00e5llas senast 1 juni varje \u00e5r. Extrast\u00e4mmor kan f\u00f6rekomma.<\/p>\n\n\n\n<p>Det som reglerar medlemmarnas skyldigheter och r\u00e4ttigheter finns formulerat i f\u00f6reningens <a href=\"https:\/\/bigarratradet7.se\/wp-content\/uploads\/2012\/01\/BRF_Bigarratradet_7_stadgar.pdf\">stadgar.<\/a><\/p>\n\n\n\n<hr class=\"wp-block-separator has-text-color has-alpha-channel-opacity has-background is-style-wide\" style=\"background-color:#dadada;color:#dadada\"\/>\n\n\n\n<p><strong>S T Y R E L S E N<\/strong><\/p>\n\n\n\n<p><strong>Styrelsen f\u00f6r 2025\/2026:<\/strong><\/p>\n\n\n\n<p><strong>Ordf\u00f6rande<\/strong><br>Katarina Utterstr\u00f6m<\/p>\n\n\n\n<p><strong>Ledamot, sekreterare<\/strong><br>Sara Claesson<\/p>\n\n\n\n<p><strong>Ledamot, kass\u00f6r<\/strong><br>Jonas Ranneby<\/p>\n\n\n\n<p><strong>Ledamot<\/strong><br>Emma Antonsson<\/p>\n\n\n\n<p><strong>Ledamot<\/strong><br>Jens Bj\u00f6rkstrand<\/p>\n\n\n\n<p><strong>Suppleant<\/strong><br>Ulrika Katic<\/p>\n\n\n\n<p><\/p>\n\n\n\n<p><strong>Fastigheten Bigarr\u00e5tr\u00e4det 7<\/strong><br>V\u00e5rt hus stod f\u00e4rdigt 1932, ungef\u00e4r samtidigt som m\u00e5nga av husen p\u00e5 den h\u00e4r delen av Norr M\u00e4larstrand, och arkitekten hette <a href=\"http:\/\/sv.wikipedia.org\/wiki\/Bj%C3%B6rn_Hedvall\" target=\"_blank\" rel=\"noreferrer noopener\">Bj\u00f6rn Hedvall.<\/a> Hedvall var en mycket produktiv arkitekt och ritade i Stockholm \u00f6ver 270 byggnader. I slutet av 1920-talet tog Hedvall intryck av den nya arkitektoniska stilen, funktionalismen. Hans str\u00e4van efter enkelhet st\u00e4mde v\u00e4l med de nya idealen.<\/p>\n\n\n\n<p>Exteri\u00f6rt \u00e4r huset ett typiskt exempel p\u00e5 funkisstilen, men inne i trapphuset och l\u00e4genheterna kan man ocks\u00e5 se sp\u00e5r av 20-talsklassisismens formspr\u00e5k.<\/p>\n\n\n\n<p>Till huset h\u00f6r en f\u00f6rg\u00e5rd mot gatan och en innerg\u00e5rd p\u00e5 baksidan. V\u00e5r g\u00e5rd \u00e4r en av de f\u00e5 vid Norr M\u00e4larstrand som \u00e4gs av fastighets\u00e4garen, dvs. oss sj\u00e4lva. De flesta andra g\u00e5rdar \u00e4gs av Stockholms stad. L\u00e4s g\u00e4rna mer om v\u00e5rt omr\u00e5des historia p\u00e5 <a href=\"https:\/\/stockholmskallan.stockholm.se\/\" target=\"_blank\" rel=\"noreferrer noopener\">Stockholmsk\u00e4llan.<\/a><\/p>\n","protected":false},"excerpt":{"rendered":"<p>Bostadsr\u00e4ttsf\u00f6reningen Bigarr\u00e5tr\u00e4det 7 bildades 1982. Av husets 25 l\u00e4genheter \u00e4r 24 bostadsr\u00e4tter och en \u00e4r hyresl\u00e4genhet. Vi \u00e4r en liten f\u00f6rening, och d\u00e4rf\u00f6r beh\u00f6ver vi hj\u00e4lpas \u00e5t f\u00f6r att vi ska f\u00e5 ett bra boende. Gr\u00e4sklippning, tr\u00e4dg\u00e5rdssk\u00f6tsel och sn\u00f6skottning hj\u00e4lps vi \u00e5t med f\u00f6r att h\u00e5lla kostnaderna nere. Schema f\u00f6r detta s\u00e4tts upp i porten [&hellip;]<\/p>\n","protected":false},"author":1,"featured_media":0,"parent":0,"menu_order":0,"comment_status":"closed","ping_status":"closed","template":"","meta":{"footnotes":""},"class_list":["post-11","page","type-page","status-publish","hentry"],"_links":{"self":[{"href":"https:\/\/bigarratradet7.se\/index.php?rest_route=\/wp\/v2\/pages\/11","targetHints":{"allow":["GET"]}}],"collection":[{"href":"https:\/\/bigarratradet7.se\/index.php?rest_route=\/wp\/v2\/pages"}],"about":[{"href":"https:\/\/bigarratradet7.se\/index.php?rest_route=\/wp\/v2\/types\/page"}],"author":[{"embeddable":true,"href":"https:\/\/bigarratradet7.se\/index.php?rest_route=\/wp\/v2\/users\/1"}],"replies":[{"embeddable":true,"href":"https:\/\/bigarratradet7.se\/index.php?rest_route=%2Fwp%2Fv2%2Fcomments&post=11"}],"version-history":[{"count":10,"href":"https:\/\/bigarratradet7.se\/index.php?rest_route=\/wp\/v2\/pages\/11\/revisions"}],"predecessor-version":[{"id":752,"href":"https:\/\/bigarratradet7.se\/index.php?rest_route=\/wp\/v2\/pages\/11\/revisions\/752"}],"wp:attachment":[{"href":"https:\/\/bigarratradet7.se\/index.php?rest_route=%2Fwp%2Fv2%2Fmedia&parent=11"}],"curies":[{"name":"wp","href":"https:\/\/api.w.org\/{rel}","templated":true}]}}